{"id":28,"date":"2025-08-29T10:05:04","date_gmt":"2025-08-29T08:05:04","guid":{"rendered":"https:\/\/cardinalsurfboards.com\/?page_id=28"},"modified":"2025-10-21T16:07:35","modified_gmt":"2025-10-21T14:07:35","slug":"accueil","status":"publish","type":"page","link":"https:\/\/cardinalsurfboards.com\/es\/","title":{"rendered":"Inicio"},"content":{"rendered":"","protected":false},"excerpt":{"rendered":"","protected":false},"author":1,"featured_media":31,"parent":0,"menu_order":0,"comment_status":"closed","ping_status":"closed","template":"","meta":{"_seopress_robots_primary_cat":"","_seopress_titles_title":"Cardinal Surfboards \u2013 Planches artisanales hautes performances \u00ab Made in France \u00bb","_seopress_titles_desc":"D\u00e9couvrez la collection Cardinal : shapes propres, r\u00e9actifs, con\u00e7us pour rider tous les jours. Du small wave au gun, fabriqu\u00e9es \u00e0 Marennes en petites s\u00e9ries par Shaperclub.","_seopress_robots_index":"","inline_featured_image":false,"footnotes":""},"class_list":["post-28","page","type-page","status-publish","has-post-thumbnail","hentry"],"acpt":null,"_links":{"self":[{"href":"https:\/\/cardinalsurfboards.com\/es\/wp-json\/wp\/v2\/pages\/28","targetHints":{"allow":["GET"]}}],"collection":[{"href":"https:\/\/cardinalsurfboards.com\/es\/wp-json\/wp\/v2\/pages"}],"about":[{"href":"https:\/\/cardinalsurfboards.com\/es\/wp-json\/wp\/v2\/types\/page"}],"author":[{"embeddable":true,"href":"https:\/\/cardinalsurfboards.com\/es\/wp-json\/wp\/v2\/users\/1"}],"replies":[{"embeddable":true,"href":"https:\/\/cardinalsurfboards.com\/es\/wp-json\/wp\/v2\/comments?post=28"}],"version-history":[{"count":2,"href":"https:\/\/cardinalsurfboards.com\/es\/wp-json\/wp\/v2\/pages\/28\/revisions"}],"predecessor-version":[{"id":515,"href":"https:\/\/cardinalsurfboards.com\/es\/wp-json\/wp\/v2\/pages\/28\/revisions\/515"}],"wp:featuredmedia":[{"embeddable":true,"href":"https:\/\/cardinalsurfboards.com\/es\/wp-json\/wp\/v2\/media\/31"}],"wp:attachment":[{"href":"https:\/\/cardinalsurfboards.com\/es\/wp-json\/wp\/v2\/media?parent=28"}],"curies":[{"name":"wp","href":"https:\/\/api.w.org\/{rel}","templated":true}]}}