{"id":48,"date":"2025-08-29T10:14:04","date_gmt":"2025-08-29T08:14:04","guid":{"rendered":"https:\/\/cardinalsurfboards.com\/?page_id=48"},"modified":"2025-11-06T16:51:39","modified_gmt":"2025-11-06T15:51:39","slug":"origins","status":"publish","type":"page","link":"https:\/\/cardinalsurfboards.com\/en\/origines\/","title":{"rendered":"Origins"},"content":{"rendered":"","protected":false},"excerpt":{"rendered":"","protected":false},"author":1,"featured_media":51,"parent":0,"menu_order":0,"comment_status":"closed","ping_status":"closed","template":"","meta":{"_seopress_robots_primary_cat":"","_seopress_titles_title":"Origines de Cardinal Surfboards \u2013 Histoire & fabrication artisanale","_seopress_titles_desc":"De Marennes \u00e0 La Rochelle, d\u00e9couvrez comment Cardinal Surfboards allie h\u00e9ritage, savoir-faire fran\u00e7ais et performance. Planches fabriqu\u00e9es en France, esprit surf authentique.","_seopress_robots_index":"","inline_featured_image":false,"footnotes":""},"class_list":["post-48","page","type-page","status-publish","has-post-thumbnail","hentry"],"acpt":null,"_links":{"self":[{"href":"https:\/\/cardinalsurfboards.com\/en\/wp-json\/wp\/v2\/pages\/48","targetHints":{"allow":["GET"]}}],"collection":[{"href":"https:\/\/cardinalsurfboards.com\/en\/wp-json\/wp\/v2\/pages"}],"about":[{"href":"https:\/\/cardinalsurfboards.com\/en\/wp-json\/wp\/v2\/types\/page"}],"author":[{"embeddable":true,"href":"https:\/\/cardinalsurfboards.com\/en\/wp-json\/wp\/v2\/users\/1"}],"replies":[{"embeddable":true,"href":"https:\/\/cardinalsurfboards.com\/en\/wp-json\/wp\/v2\/comments?post=48"}],"version-history":[{"count":2,"href":"https:\/\/cardinalsurfboards.com\/en\/wp-json\/wp\/v2\/pages\/48\/revisions"}],"predecessor-version":[{"id":520,"href":"https:\/\/cardinalsurfboards.com\/en\/wp-json\/wp\/v2\/pages\/48\/revisions\/520"}],"wp:featuredmedia":[{"embeddable":true,"href":"https:\/\/cardinalsurfboards.com\/en\/wp-json\/wp\/v2\/media\/51"}],"wp:attachment":[{"href":"https:\/\/cardinalsurfboards.com\/en\/wp-json\/wp\/v2\/media?parent=48"}],"curies":[{"name":"wp","href":"https:\/\/api.w.org\/{rel}","templated":true}]}}